{"id":3130,"date":"2021-08-17T10:32:19","date_gmt":"2021-08-17T08:32:19","guid":{"rendered":"https:\/\/cirrus-centar.hr\/solutions\/automatika-i-signali\/"},"modified":"2021-09-28T08:21:02","modified_gmt":"2021-09-28T06:21:02","slug":"automation-and-signals","status":"publish","type":"page","link":"https:\/\/cirrus-centar.hr\/en\/solutions\/automation-and-signals\/","title":{"rendered":"Automation and signals"},"content":{"rendered":"<div class=\"wpb-content-wrapper\"><p>[vc_row content_placement=&#8221;bottom&#8221; wrap_container=&#8221;yes&#8221;][vc_column width=&#8221;3\/4&#8243;][vc_custom_heading text=&#8221;An innovative and affordable program for numerous industrial and IoT applications&#8221; font_container=&#8221;tag:h2|font_size:16.8px|text_align:left|color:%23777777|line_height:26px&#8221; use_theme_fonts=&#8221;yes&#8221; font_weight=&#8221;600&#8243; letter_spacing=&#8221;0&#8243; animation_delay=&#8221;300&#8243; el_class=&#8221;mb-4&#8243;][vc_custom_heading text=&#8221;Within the industrial automation segment, we provide a wide range of products and solutions, from simple components and signal converters to a complete production plant management system. All in one place.&#8221; font_container=&#8221;tag:p|font_size:14px|text_align:left|line_height:26px&#8221; use_theme_fonts=&#8221;yes&#8221; font_weight=&#8221;400&#8243; letter_spacing=&#8221;0&#8243; animation_delay=&#8221;450&#8243; el_class=&#8221;mb-3 pb-1&#8243;][\/vc_column][vc_column width=&#8221;1\/4&#8243; remove_margin_top=&#8221;yes&#8221; remove_margin_bottom=&#8221;yes&#8221; remove_padding_top=&#8221;yes&#8221; remove_padding_bottom=&#8221;yes&#8221;][vc_single_image image=&#8221;2888&#8243; img_size=&#8221;full&#8221; alignment=&#8221;center&#8221; onclick=&#8221;custom_link&#8221; img_link_target=&#8221;_blank&#8221; link=&#8221;https:\/\/www.honeywell.com\/us\/en&#8221;][\/vc_column][\/vc_row][vc_row wrap_container=&#8221;yes&#8221;][vc_column][vc_row_inner gap=&#8221;20&#8243; el_class=&#8221;custom-service-gallery m-b-sm pb-2&#8243;][vc_column_inner width=&#8221;1\/2&#8243; offset=&#8221;vc_col-md-3 vc_col-xs-6&#8243;]<a class=\"porto-sicon-box-link\" href=\"https:\/\/cirrus-centar.hr\/en\/solutions\/automation-and-signals\/automation-and-process-data-acquisition\/\" title='Automation and process data acquisition'><div class=\"porto-sicon-box  wpb_custom_860683fe6d5975d7b2cff563f7366f5c style_2 top-icon\"><div class=\"porto-sicon-top\"><div id=\"porto-icon-155272565269e2282277861\" class=\"porto-just-icon-wrapper porto-sicon-img\" style=\"font-size: 267.5px;margin-bottom:6px;\"><img decoding=\"async\" class=\"img-icon\" alt=\"automatika i akvizicija procesnih podataka\" src=\"https:\/\/cirrus-centar.hr\/wp-content\/uploads\/2021\/08\/automatika-i-akvizicija-procesnih-podataka.jpg\" width=\"600\" height=\"600\" \/><\/div><\/div><div class=\"porto-sicon-header\"><h3 class=\"porto-sicon-title\" style=\"font-weight:700;font-size:21px;line-height:24px;letter-spacing:-1.05px;\">Automation and process data acquisition<\/h3><\/div> <!-- header --><\/div><!-- porto-sicon-box --><\/a>[\/vc_column_inner][vc_column_inner width=&#8221;1\/2&#8243; offset=&#8221;vc_col-md-3 vc_col-xs-6&#8243;]<a class=\"porto-sicon-box-link\" href=\"https:\/\/cirrus-centar.hr\/en\/solutions\/automation-and-signals\/industrial-communication-and-remote-control\/\" title='Industrial communication and remote control'><div class=\"porto-sicon-box  wpb_custom_860683fe6d5975d7b2cff563f7366f5c style_2 top-icon\"><div class=\"porto-sicon-top\"><div id=\"porto-icon-8051227069e2282277d15\" class=\"porto-just-icon-wrapper porto-sicon-img\" style=\"font-size: 267.5px;margin-bottom:6px;\"><img decoding=\"async\" class=\"img-icon\" alt=\"Industrijska komunikacija i daljinsko upravljanje\" src=\"https:\/\/cirrus-centar.hr\/wp-content\/uploads\/2021\/08\/industrijska-komunikacija-i-daljinsko-upravljanje.jpg\" width=\"600\" height=\"600\" \/><\/div><\/div><div class=\"porto-sicon-header\"><h3 class=\"porto-sicon-title\" style=\"font-weight:700;font-size:21px;line-height:24px;letter-spacing:-1.05px;\">Industrial communication and remote control<\/h3><\/div> <!-- header --><\/div><!-- porto-sicon-box --><\/a>[\/vc_column_inner][vc_column_inner width=&#8221;1\/2&#8243; offset=&#8221;vc_col-md-3 vc_col-xs-6&#8243;]<a class=\"porto-sicon-box-link\" href=\"https:\/\/cirrus-centar.hr\/en\/solutions\/automation-and-signals\/electricity-meters-and-electrical-measurements\/\" title='Electricity meters and electrical measurements'><div class=\"porto-sicon-box  wpb_custom_860683fe6d5975d7b2cff563f7366f5c style_2 top-icon\"><div class=\"porto-sicon-top\"><div id=\"porto-icon-7651286969e2282278183\" class=\"porto-just-icon-wrapper porto-sicon-img\" style=\"font-size: 267.5px;margin-bottom:6px;\"><img decoding=\"async\" class=\"img-icon\" alt=\"Mjera\u010di elektri\u010dne energije i elektri\u010dna mjerenja\" src=\"https:\/\/cirrus-centar.hr\/wp-content\/uploads\/2021\/08\/mjeraci-elektricne-energije-i-elektricna-mjerenja.jpg\" width=\"600\" height=\"600\" \/><\/div><\/div><div class=\"porto-sicon-header\"><h3 class=\"porto-sicon-title\" style=\"font-weight:700;font-size:21px;line-height:24px;letter-spacing:-1.05px;\">Electricity meters and electrical measurements<\/h3><\/div> <!-- header --><\/div><!-- porto-sicon-box --><\/a>[\/vc_column_inner][vc_column_inner width=&#8221;1\/2&#8243; offset=&#8221;vc_col-md-3 vc_col-xs-6&#8243;]<a class=\"porto-sicon-box-link\" href=\"https:\/\/cirrus-centar.hr\/en\/solutions\/automation-and-signals\/signals-measurement-and-control-panels\/\" title='Signals, measurement and control panels'><div class=\"porto-sicon-box  wpb_custom_860683fe6d5975d7b2cff563f7366f5c style_2 top-icon\"><div class=\"porto-sicon-top\"><div id=\"porto-icon-194101816969e22822785e8\" class=\"porto-just-icon-wrapper porto-sicon-img\" style=\"font-size: 267.5px;margin-bottom:6px;\"><img decoding=\"async\" class=\"img-icon\" alt=\"Signali, mjerenje i upravlja\u010dki paneli\" src=\"https:\/\/cirrus-centar.hr\/wp-content\/uploads\/2021\/08\/signali-mjerenje-i-upravljacki-paneli.jpg\" width=\"600\" height=\"600\" \/><\/div><\/div><div class=\"porto-sicon-header\"><h3 class=\"porto-sicon-title\" style=\"font-weight:700;font-size:21px;line-height:24px;letter-spacing:-1.05px;\">Signals, measurement and control panels<\/h3><\/div> <!-- header --><\/div><!-- porto-sicon-box --><\/a>[\/vc_column_inner][\/vc_row_inner][\/vc_column][\/vc_row]<\/p>\n<\/div>","protected":false},"excerpt":{"rendered":"<p>[vc_row content_placement=&#8221;bottom&#8221; wrap_container=&#8221;yes&#8221;][vc_column width=&#8221;3\/4&#8243;][vc_custom_heading text=&#8221;An innovative and affordable program for numerous industrial and IoT applications&#8221; font_container=&#8221;tag:h2|font_size:16.8px|text_align:left|color:%23777777|line_height:26px&#8221; use_theme_fonts=&#8221;yes&#8221; font_weight=&#8221;600&#8243; letter_spacing=&#8221;0&#8243; animation_delay=&#8221;300&#8243; el_class=&#8221;mb-4&#8243;][vc_custom_heading text=&#8221;Within the industrial automation segment, we provide a wide range of products and solutions, from simple components and signal converters to a complete production plant management system. All in one place.&#8221; font_container=&#8221;tag:p|font_size:14px|text_align:left|line_height:26px&#8221; use_theme_fonts=&#8221;yes&#8221; font_weight=&#8221;400&#8243; [&hellip;]<\/p>\n","protected":false},"author":1,"featured_media":0,"parent":2891,"menu_order":0,"comment_status":"closed","ping_status":"closed","template":"","meta":{"footnotes":""},"_links":{"self":[{"href":"https:\/\/cirrus-centar.hr\/en\/wp-json\/wp\/v2\/pages\/3130"}],"collection":[{"href":"https:\/\/cirrus-centar.hr\/en\/wp-json\/wp\/v2\/pages"}],"about":[{"href":"https:\/\/cirrus-centar.hr\/en\/wp-json\/wp\/v2\/types\/page"}],"author":[{"embeddable":true,"href":"https:\/\/cirrus-centar.hr\/en\/wp-json\/wp\/v2\/users\/1"}],"replies":[{"embeddable":true,"href":"https:\/\/cirrus-centar.hr\/en\/wp-json\/wp\/v2\/comments?post=3130"}],"version-history":[{"count":0,"href":"https:\/\/cirrus-centar.hr\/en\/wp-json\/wp\/v2\/pages\/3130\/revisions"}],"up":[{"embeddable":true,"href":"https:\/\/cirrus-centar.hr\/en\/wp-json\/wp\/v2\/pages\/2891"}],"wp:attachment":[{"href":"https:\/\/cirrus-centar.hr\/en\/wp-json\/wp\/v2\/media?parent=3130"}],"curies":[{"name":"wp","href":"https:\/\/api.w.org\/{rel}","templated":true}]}}