{"id":3268,"date":"2021-03-04T08:50:17","date_gmt":"2021-03-04T07:50:17","guid":{"rendered":"https:\/\/cirrus-centar.hr\/industrije\/"},"modified":"2021-10-12T14:31:36","modified_gmt":"2021-10-12T12:31:36","slug":"industries","status":"publish","type":"page","link":"https:\/\/cirrus-centar.hr\/en\/industries\/","title":{"rendered":"Industries"},"content":{"rendered":"<div class=\"wpb-content-wrapper\"><p>[vc_row][vc_column][vc_custom_heading text=&#8221;Choose your industry segment &#8211; look at potential applications and risks.&#8221; font_container=&#8221;tag:h2|font_size:16.8px|text_align:left|color:%23777777|line_height:26px&#8221; use_theme_fonts=&#8221;yes&#8221; font_weight=&#8221;600&#8243; letter_spacing=&#8221;0&#8243; animation_delay=&#8221;300&#8243; el_class=&#8221;mb-4&#8243; css=&#8221;.vc_custom_1632817051850{padding-top: 0px !important;}&#8221;][vc_column_text]The need for our products and solutions is present in all segments of a sustainable industry based on modern standards and technology. In addition to improving safety and protecting human lives, we make your plant safe and productive.<\/p>\n<p>With a detailed overview of the industry, we point out possible risks and make it easier for you to choose an adequate solution.[\/vc_column_text][\/vc_column][\/vc_row][vc_row wrap_container=&#8221;yes&#8221;][vc_column][vc_row_inner gap=&#8221;20&#8243; el_class=&#8221;custom-service-gallery m-b-sm pb-2&#8243;][vc_column_inner width=&#8221;1\/2&#8243; offset=&#8221;vc_col-md-3 vc_col-xs-6&#8243;]<a class=\"porto-sicon-box-link\" href=\"https:\/\/cirrus-centar.hr\/en\/industries\/oil-and-gas\/\" title='Oil and gas'><div class=\"porto-sicon-box  wpb_custom_860683fe6d5975d7b2cff563f7366f5c style_2 top-icon\"><div class=\"porto-sicon-top\"><div id=\"porto-icon-129983456669f2081044f59\" class=\"porto-just-icon-wrapper porto-sicon-img\" style=\"font-size: 267.5px;margin-bottom:6px;\"><img decoding=\"async\" class=\"img-icon\" alt=\"nafta i plin\" src=\"https:\/\/cirrus-centar.hr\/wp-content\/uploads\/2021\/03\/nafta-plin-01.jpg\" width=\"600\" height=\"600\" \/><\/div><\/div><div class=\"porto-sicon-header\"><h3 class=\"porto-sicon-title\" style=\"font-weight:700;font-size:21px;line-height:24px;letter-spacing:-1.05px;\">Oil and gas<\/h3><\/div> <!-- header --><\/div><!-- porto-sicon-box --><\/a>[\/vc_column_inner][vc_column_inner width=&#8221;1\/2&#8243; offset=&#8221;vc_col-md-3 vc_col-xs-6&#8243;]<a class=\"porto-sicon-box-link\" href=\"https:\/\/cirrus-centar.hr\/en\/industries\/refineries\/\" title='Refineries'><div class=\"porto-sicon-box  wpb_custom_860683fe6d5975d7b2cff563f7366f5c style_2 top-icon\"><div class=\"porto-sicon-top\"><div id=\"porto-icon-712133069f20810453aa\" class=\"porto-just-icon-wrapper porto-sicon-img\" style=\"font-size: 267.5px;margin-bottom:6px;\"><img decoding=\"async\" class=\"img-icon\" alt=\"rafinerije\" src=\"https:\/\/cirrus-centar.hr\/wp-content\/uploads\/2021\/05\/rafinerije-1.jpg\" width=\"600\" height=\"600\" \/><\/div><\/div><div class=\"porto-sicon-header\"><h3 class=\"porto-sicon-title\" style=\"font-weight:700;font-size:21px;line-height:24px;letter-spacing:-1.05px;\">Refineries<\/h3><\/div> <!-- header --><\/div><!-- porto-sicon-box --><\/a>[\/vc_column_inner][vc_column_inner width=&#8221;1\/2&#8243; offset=&#8221;vc_col-md-3 vc_col-xs-6&#8243;]<a class=\"porto-sicon-box-link\" href=\"https:\/\/cirrus-centar.hr\/en\/industries\/petrochemicals\/\" title='Petrochemicals'><div class=\"porto-sicon-box  wpb_custom_860683fe6d5975d7b2cff563f7366f5c style_2 top-icon\"><div class=\"porto-sicon-top\"><div id=\"porto-icon-5807141269f20810457d7\" class=\"porto-just-icon-wrapper porto-sicon-img\" style=\"font-size: 267.5px;margin-bottom:6px;\"><img decoding=\"async\" class=\"img-icon\" alt=\"petrokemija kemija\" src=\"https:\/\/cirrus-centar.hr\/wp-content\/uploads\/2021\/05\/petrokemija-kemija-1.jpg\" width=\"600\" height=\"600\" \/><\/div><\/div><div class=\"porto-sicon-header\"><h3 class=\"porto-sicon-title\" style=\"font-weight:700;font-size:21px;line-height:24px;letter-spacing:-1.05px;\">Petrochemicals<\/h3><\/div> <!-- header --><\/div><!-- porto-sicon-box --><\/a>[\/vc_column_inner][vc_column_inner width=&#8221;1\/2&#8243; offset=&#8221;vc_col-md-3 vc_col-xs-6&#8243;]<a class=\"porto-sicon-box-link\" href=\"https:\/\/cirrus-centar.hr\/en\/industries\/chemicals\/\" title='Chemicals'><div class=\"porto-sicon-box  wpb_custom_860683fe6d5975d7b2cff563f7366f5c style_2 top-icon\"><div class=\"porto-sicon-top\"><div id=\"porto-icon-171751593369f2081045bee\" class=\"porto-just-icon-wrapper porto-sicon-img\" style=\"font-size: 267.5px;margin-bottom:6px;\"><img decoding=\"async\" class=\"img-icon\" alt=\"kemija\" src=\"https:\/\/cirrus-centar.hr\/wp-content\/uploads\/2021\/05\/kemija-1.jpg\" width=\"600\" height=\"600\" \/><\/div><\/div><div class=\"porto-sicon-header\"><h3 class=\"porto-sicon-title\" style=\"font-weight:700;font-size:21px;line-height:24px;letter-spacing:-1.05px;\">Chemicals<\/h3><\/div> <!-- header --><\/div><!-- porto-sicon-box --><\/a>[\/vc_column_inner][\/vc_row_inner][\/vc_column][\/vc_row][vc_row wrap_container=&#8221;yes&#8221;][vc_column][vc_row_inner gap=&#8221;20&#8243; el_class=&#8221;custom-service-gallery m-b-sm pb-2&#8243;][vc_column_inner width=&#8221;1\/2&#8243; offset=&#8221;vc_col-md-3 vc_col-xs-6&#8243;]<a class=\"porto-sicon-box-link\" href=\"https:\/\/cirrus-centar.hr\/en\/industries\/pharma\/\" title='Pharma'><div class=\"porto-sicon-box  wpb_custom_860683fe6d5975d7b2cff563f7366f5c style_2 top-icon\"><div class=\"porto-sicon-top\"><div id=\"porto-icon-187843067269f2081046028\" class=\"porto-just-icon-wrapper porto-sicon-img\" style=\"font-size: 267.5px;margin-bottom:6px;\"><img decoding=\"async\" class=\"img-icon\" alt=\"farmaceutika\" src=\"https:\/\/cirrus-centar.hr\/wp-content\/uploads\/2021\/05\/farmaceutika-1.jpg\" width=\"600\" height=\"600\" \/><\/div><\/div><div class=\"porto-sicon-header\"><h3 class=\"porto-sicon-title\" style=\"font-weight:700;font-size:21px;line-height:24px;letter-spacing:-1.05px;\">Pharma<\/h3><\/div> <!-- header --><\/div><!-- porto-sicon-box --><\/a>[\/vc_column_inner][vc_column_inner width=&#8221;1\/2&#8243; offset=&#8221;vc_col-md-3 vc_col-xs-6&#8243;]<a class=\"porto-sicon-box-link\" href=\"https:\/\/cirrus-centar.hr\/en\/industries\/steel\/\" title='Steel'><div class=\"porto-sicon-box  wpb_custom_860683fe6d5975d7b2cff563f7366f5c style_2 top-icon\"><div class=\"porto-sicon-top\"><div id=\"porto-icon-25461184469f2081046446\" class=\"porto-just-icon-wrapper porto-sicon-img\" style=\"font-size: 267.5px;margin-bottom:6px;\"><img decoding=\"async\" class=\"img-icon\" alt=\"\u017eeljezare \u010deli\u010dane\" src=\"https:\/\/cirrus-centar.hr\/wp-content\/uploads\/2021\/05\/zeljezare-celicane-1.jpg\" width=\"600\" height=\"600\" \/><\/div><\/div><div class=\"porto-sicon-header\"><h3 class=\"porto-sicon-title\" style=\"font-weight:700;font-size:21px;line-height:24px;letter-spacing:-1.05px;\">Steel<\/h3><\/div> <!-- header --><\/div><!-- porto-sicon-box --><\/a>[\/vc_column_inner][vc_column_inner width=&#8221;1\/2&#8243; offset=&#8221;vc_col-md-3 vc_col-xs-6&#8243;]<a class=\"porto-sicon-box-link\" href=\"https:\/\/cirrus-centar.hr\/en\/industries\/public-services\/\" title='Public services'><div class=\"porto-sicon-box  wpb_custom_860683fe6d5975d7b2cff563f7366f5c style_2 top-icon\"><div class=\"porto-sicon-top\"><div id=\"porto-icon-209041166169f2081046861\" class=\"porto-just-icon-wrapper porto-sicon-img\" style=\"font-size: 267.5px;margin-bottom:6px;\"><img decoding=\"async\" class=\"img-icon\" alt=\"javne slu\u017ebe\" src=\"https:\/\/cirrus-centar.hr\/wp-content\/uploads\/2021\/05\/javne-sluzbe-1.jpg\" width=\"600\" height=\"600\" \/><\/div><\/div><div class=\"porto-sicon-header\"><h3 class=\"porto-sicon-title\" style=\"font-weight:700;font-size:21px;line-height:24px;letter-spacing:-1.05px;\">Public services<\/h3><\/div> <!-- header --><\/div><!-- porto-sicon-box --><\/a>[\/vc_column_inner][vc_column_inner width=&#8221;1\/2&#8243; offset=&#8221;vc_col-md-3 vc_col-xs-6&#8243;]<a class=\"porto-sicon-box-link\" href=\"https:\/\/cirrus-centar.hr\/en\/industries\/police-fire-military\/\" title='Police, fire, military'><div class=\"porto-sicon-box  wpb_custom_860683fe6d5975d7b2cff563f7366f5c style_2 top-icon\"><div class=\"porto-sicon-top\"><div id=\"porto-icon-171034343169f2081046c81\" class=\"porto-just-icon-wrapper porto-sicon-img\" style=\"font-size: 267.5px;margin-bottom:6px;\"><img decoding=\"async\" class=\"img-icon\" alt=\"policija vojska vatrogastvo\" src=\"https:\/\/cirrus-centar.hr\/wp-content\/uploads\/2021\/05\/policija-vojska-vatrogastvo-1.jpg\" width=\"600\" height=\"600\" \/><\/div><\/div><div class=\"porto-sicon-header\"><h3 class=\"porto-sicon-title\" style=\"font-weight:700;font-size:21px;line-height:24px;letter-spacing:-1.05px;\">Police, fire, military<\/h3><\/div> <!-- header --><\/div><!-- porto-sicon-box --><\/a>[\/vc_column_inner][\/vc_row_inner][\/vc_column][\/vc_row][vc_row wrap_container=&#8221;yes&#8221;][vc_column][vc_row_inner gap=&#8221;20&#8243; el_class=&#8221;custom-service-gallery m-b-sm pb-2&#8243;][vc_column_inner width=&#8221;1\/2&#8243; offset=&#8221;vc_col-md-3 vc_col-xs-6&#8243;]<a class=\"porto-sicon-box-link\" href=\"https:\/\/cirrus-centar.hr\/en\/industries\/energy\/\" title='Energy'><div class=\"porto-sicon-box  wpb_custom_860683fe6d5975d7b2cff563f7366f5c style_2 top-icon\"><div class=\"porto-sicon-top\"><div id=\"porto-icon-71952095669f208104709c\" class=\"porto-just-icon-wrapper porto-sicon-img\" style=\"font-size: 267.5px;margin-bottom:6px;\"><img decoding=\"async\" class=\"img-icon\" alt=\"energetika\" src=\"https:\/\/cirrus-centar.hr\/wp-content\/uploads\/2021\/05\/energetika-2.jpg\" width=\"600\" height=\"600\" \/><\/div><\/div><div class=\"porto-sicon-header\"><h3 class=\"porto-sicon-title\" style=\"font-weight:700;font-size:21px;line-height:24px;letter-spacing:-1.05px;\">Energy<\/h3><\/div> <!-- header --><\/div><!-- porto-sicon-box --><\/a>[\/vc_column_inner][vc_column_inner width=&#8221;1\/2&#8243; offset=&#8221;vc_col-md-3 vc_col-xs-6&#8243;]<a class=\"porto-sicon-box-link\" href=\"https:\/\/cirrus-centar.hr\/en\/industries\/wastewater\/\" title='Wastewater'><div class=\"porto-sicon-box  wpb_custom_860683fe6d5975d7b2cff563f7366f5c style_2 top-icon\"><div class=\"porto-sicon-top\"><div id=\"porto-icon-65962852769f20810474a4\" class=\"porto-just-icon-wrapper porto-sicon-img\" style=\"font-size: 267.5px;margin-bottom:6px;\"><img decoding=\"async\" class=\"img-icon\" alt=\"obrada otpadnih voda\" src=\"https:\/\/cirrus-centar.hr\/wp-content\/uploads\/2021\/05\/obrada-otpadnih-voda-1.jpg\" width=\"600\" height=\"600\" \/><\/div><\/div><div class=\"porto-sicon-header\"><h3 class=\"porto-sicon-title\" style=\"font-weight:700;font-size:21px;line-height:24px;letter-spacing:-1.05px;\">Wastewater<\/h3><\/div> <!-- header --><\/div><!-- porto-sicon-box --><\/a>[\/vc_column_inner][vc_column_inner width=&#8221;1\/2&#8243; offset=&#8221;vc_col-md-3 vc_col-xs-6&#8243;]<a class=\"porto-sicon-box-link\" href=\"https:\/\/cirrus-centar.hr\/en\/industries\/shipbuilding\/\" title='Shipbuilding'><div class=\"porto-sicon-box  wpb_custom_860683fe6d5975d7b2cff563f7366f5c style_2 top-icon\"><div class=\"porto-sicon-top\"><div id=\"porto-icon-70820581069f20810478ac\" class=\"porto-just-icon-wrapper porto-sicon-img\" style=\"font-size: 267.5px;margin-bottom:6px;\"><img decoding=\"async\" class=\"img-icon\" alt=\"brodogradnja\" src=\"https:\/\/cirrus-centar.hr\/wp-content\/uploads\/2021\/05\/brodogradnja.jpg\" width=\"600\" height=\"600\" \/><\/div><\/div><div class=\"porto-sicon-header\"><h3 class=\"porto-sicon-title\" style=\"font-weight:700;font-size:21px;line-height:24px;letter-spacing:-1.05px;\">Shipbuilding<\/h3><\/div> <!-- header --><\/div><!-- porto-sicon-box --><\/a>[\/vc_column_inner][vc_column_inner width=&#8221;1\/2&#8243; offset=&#8221;vc_col-md-3 vc_col-xs-6&#8243;]<a class=\"porto-sicon-box-link\" href=\"https:\/\/cirrus-centar.hr\/en\/industries\/construction\/\" title='Construction'><div class=\"porto-sicon-box  wpb_custom_860683fe6d5975d7b2cff563f7366f5c style_2 top-icon\"><div class=\"porto-sicon-top\"><div id=\"porto-icon-116122039569f2081047cbd\" class=\"porto-just-icon-wrapper porto-sicon-img\" style=\"font-size: 267.5px;margin-bottom:6px;\"><img decoding=\"async\" class=\"img-icon\" alt=\"gra\u0111evina\" src=\"https:\/\/cirrus-centar.hr\/wp-content\/uploads\/2021\/05\/gradevina-1.jpg\" width=\"600\" height=\"600\" \/><\/div><\/div><div class=\"porto-sicon-header\"><h3 class=\"porto-sicon-title\" style=\"font-weight:700;font-size:21px;line-height:24px;letter-spacing:-1.05px;\">Construction<\/h3><\/div> <!-- header --><\/div><!-- porto-sicon-box --><\/a>[\/vc_column_inner][\/vc_row_inner][\/vc_column][\/vc_row][vc_row wrap_container=&#8221;yes&#8221;][vc_column][vc_row_inner gap=&#8221;20&#8243; el_class=&#8221;custom-service-gallery m-b-sm pb-2&#8243;][vc_column_inner width=&#8221;1\/2&#8243; offset=&#8221;vc_col-md-3 vc_col-xs-6&#8243;]<a class=\"porto-sicon-box-link\" href=\"https:\/\/cirrus-centar.hr\/en\/industries\/mining\/\" title='Mining'><div class=\"porto-sicon-box  wpb_custom_860683fe6d5975d7b2cff563f7366f5c style_2 top-icon\"><div class=\"porto-sicon-top\"><div id=\"porto-icon-61240761269f20810480c4\" class=\"porto-just-icon-wrapper porto-sicon-img\" style=\"font-size: 267.5px;margin-bottom:6px;\"><img decoding=\"async\" class=\"img-icon\" alt=\"rudarstvo\" src=\"https:\/\/cirrus-centar.hr\/wp-content\/uploads\/2021\/05\/rudarstvo-1.jpg\" width=\"600\" height=\"600\" \/><\/div><\/div><div class=\"porto-sicon-header\"><h3 class=\"porto-sicon-title\" style=\"font-weight:700;font-size:21px;line-height:24px;letter-spacing:-1.05px;\">Mining<\/h3><\/div> <!-- header --><\/div><!-- porto-sicon-box --><\/a>[\/vc_column_inner][vc_column_inner width=&#8221;1\/2&#8243; offset=&#8221;vc_col-md-3 vc_col-xs-6&#8243;]<a class=\"porto-sicon-box-link\" href=\"https:\/\/cirrus-centar.hr\/en\/industries\/agriculture\/\" title='Agriculture'><div class=\"porto-sicon-box  wpb_custom_860683fe6d5975d7b2cff563f7366f5c style_2 top-icon\"><div class=\"porto-sicon-top\"><div id=\"porto-icon-3072912969f20810484cf\" class=\"porto-just-icon-wrapper porto-sicon-img\" style=\"font-size: 267.5px;margin-bottom:6px;\"><img decoding=\"async\" class=\"img-icon\" alt=\"poljoprivreda\" src=\"https:\/\/cirrus-centar.hr\/wp-content\/uploads\/2021\/05\/poljoprivreda-1.jpg\" width=\"600\" height=\"600\" \/><\/div><\/div><div class=\"porto-sicon-header\"><h3 class=\"porto-sicon-title\" style=\"font-weight:700;font-size:21px;line-height:24px;letter-spacing:-1.05px;\">Agriculture<\/h3><\/div> <!-- header --><\/div><!-- porto-sicon-box --><\/a>[\/vc_column_inner][vc_column_inner width=&#8221;1\/2&#8243; offset=&#8221;vc_col-md-3 vc_col-xs-6&#8243;]<a class=\"porto-sicon-box-link\" href=\"https:\/\/cirrus-centar.hr\/en\/industries\/residential\/\" title='Residential'><div class=\"porto-sicon-box  wpb_custom_860683fe6d5975d7b2cff563f7366f5c style_2 top-icon\"><div class=\"porto-sicon-top\"><div id=\"porto-icon-120473551469f20810488e1\" class=\"porto-just-icon-wrapper porto-sicon-img\" style=\"font-size: 267.5px;margin-bottom:6px;\"><img decoding=\"async\" class=\"img-icon\" alt=\"komercijalne javne zgrade\" src=\"https:\/\/cirrus-centar.hr\/wp-content\/uploads\/2021\/05\/komercijalne-javne-zgrade-1.jpg\" width=\"600\" height=\"600\" \/><\/div><\/div><div class=\"porto-sicon-header\"><h3 class=\"porto-sicon-title\" style=\"font-weight:700;font-size:21px;line-height:24px;letter-spacing:-1.05px;\">Residential<\/h3><\/div> <!-- header --><\/div><!-- porto-sicon-box --><\/a>[\/vc_column_inner][vc_column_inner width=&#8221;1\/2&#8243; offset=&#8221;vc_col-md-3 vc_col-xs-6&#8243;]<a class=\"porto-sicon-box-link\" href=\"https:\/\/cirrus-centar.hr\/en\/industries\/home\/\" title='Home'><div class=\"porto-sicon-box  wpb_custom_860683fe6d5975d7b2cff563f7366f5c style_2 top-icon\"><div class=\"porto-sicon-top\"><div id=\"porto-icon-138963915869f2081048ce5\" class=\"porto-just-icon-wrapper porto-sicon-img\" style=\"font-size: 267.5px;margin-bottom:6px;\"><img decoding=\"async\" class=\"img-icon\" alt=\"privatni stanovi ku\u0107e i apartmani\" src=\"https:\/\/cirrus-centar.hr\/wp-content\/uploads\/2021\/05\/privatni-stanovi-kuce-i-apartmani-1.jpg\" width=\"600\" height=\"600\" \/><\/div><\/div><div class=\"porto-sicon-header\"><h3 class=\"porto-sicon-title\" style=\"font-weight:700;font-size:21px;line-height:24px;letter-spacing:-1.05px;\">Home<\/h3><\/div> <!-- header --><\/div><!-- porto-sicon-box --><\/a>[\/vc_column_inner][\/vc_row_inner][\/vc_column][\/vc_row][vc_row wrap_container=&#8221;yes&#8221;][vc_column][vc_row_inner gap=&#8221;20&#8243; el_class=&#8221;custom-service-gallery m-b-sm pb-2&#8243;][vc_column_inner width=&#8221;1\/2&#8243; offset=&#8221;vc_col-md-3 vc_col-xs-6&#8243;]<a class=\"porto-sicon-box-link\" href=\"https:\/\/cirrus-centar.hr\/en\/industries\/nautics\/\" title='Nautics'><div class=\"porto-sicon-box  wpb_custom_860683fe6d5975d7b2cff563f7366f5c style_2 top-icon\"><div class=\"porto-sicon-top\"><div id=\"porto-icon-126591783669f20810490e8\" class=\"porto-just-icon-wrapper porto-sicon-img\" style=\"font-size: 267.5px;margin-bottom:6px;\"><img decoding=\"async\" class=\"img-icon\" alt=\"nautika yachting\" src=\"https:\/\/cirrus-centar.hr\/wp-content\/uploads\/2021\/05\/nautika-yachting-1.jpg\" width=\"600\" height=\"600\" \/><\/div><\/div><div class=\"porto-sicon-header\"><h3 class=\"porto-sicon-title\" style=\"font-weight:700;font-size:21px;line-height:24px;letter-spacing:-1.05px;\">Nautics<\/h3><\/div> <!-- header --><\/div><!-- porto-sicon-box --><\/a>[\/vc_column_inner][vc_column_inner width=&#8221;1\/2&#8243; offset=&#8221;vc_col-md-3 vc_col-xs-6&#8243;]<a class=\"porto-sicon-box-link\" href=\"https:\/\/cirrus-centar.hr\/en\/industries\/printing\/\" title='Printing'><div class=\"porto-sicon-box  wpb_custom_860683fe6d5975d7b2cff563f7366f5c style_2 top-icon\"><div class=\"porto-sicon-top\"><div id=\"porto-icon-196108878269f20810494fe\" class=\"porto-just-icon-wrapper porto-sicon-img\" style=\"font-size: 267.5px;margin-bottom:6px;\"><img decoding=\"async\" class=\"img-icon\" alt=\"tiskare\" src=\"https:\/\/cirrus-centar.hr\/wp-content\/uploads\/2021\/05\/tiskare-1.jpg\" width=\"600\" height=\"600\" \/><\/div><\/div><div class=\"porto-sicon-header\"><h3 class=\"porto-sicon-title\" style=\"font-weight:700;font-size:21px;line-height:24px;letter-spacing:-1.05px;\">Printing<\/h3><\/div> <!-- header --><\/div><!-- porto-sicon-box --><\/a>[\/vc_column_inner][vc_column_inner width=&#8221;1\/2&#8243; offset=&#8221;vc_col-md-3 vc_col-xs-6&#8243;]<a class=\"porto-sicon-box-link\" href=\"https:\/\/cirrus-centar.hr\/en\/industries\/data-centres\/\" title='Data centres'><div class=\"porto-sicon-box  wpb_custom_860683fe6d5975d7b2cff563f7366f5c style_2 top-icon\"><div class=\"porto-sicon-top\"><div id=\"porto-icon-40947246669f208104990f\" class=\"porto-just-icon-wrapper porto-sicon-img\" style=\"font-size: 267.5px;margin-bottom:6px;\"><img decoding=\"async\" class=\"img-icon\" alt=\"podatkovni centri\" src=\"https:\/\/cirrus-centar.hr\/wp-content\/uploads\/2021\/05\/podatkovni-centri-1.jpg\" width=\"600\" height=\"600\" \/><\/div><\/div><div class=\"porto-sicon-header\"><h3 class=\"porto-sicon-title\" style=\"font-weight:700;font-size:21px;line-height:24px;letter-spacing:-1.05px;\">Data centres<\/h3><\/div> <!-- header --><\/div><!-- porto-sicon-box --><\/a>[\/vc_column_inner][vc_column_inner width=&#8221;1\/2&#8243; offset=&#8221;vc_col-md-3 vc_col-xs-6&#8243;][\/vc_column_inner][\/vc_row_inner][\/vc_column][\/vc_row]<\/p>\n<\/div>","protected":false},"excerpt":{"rendered":"<p>[vc_row][vc_column][vc_custom_heading text=&#8221;Choose your industry segment &#8211; look at potential applications and risks.&#8221; font_container=&#8221;tag:h2|font_size:16.8px|text_align:left|color:%23777777|line_height:26px&#8221; use_theme_fonts=&#8221;yes&#8221; font_weight=&#8221;600&#8243; letter_spacing=&#8221;0&#8243; animation_delay=&#8221;300&#8243; el_class=&#8221;mb-4&#8243; css=&#8221;.vc_custom_1632817051850{padding-top: 0px !important;}&#8221;][vc_column_text]The need for our products and solutions is present in all segments of a sustainable industry based on modern standards and technology. In addition to improving safety and protecting human lives, we make your plant [&hellip;]<\/p>\n","protected":false},"author":1,"featured_media":0,"parent":0,"menu_order":0,"comment_status":"closed","ping_status":"closed","template":"","meta":{"footnotes":""},"_links":{"self":[{"href":"https:\/\/cirrus-centar.hr\/en\/wp-json\/wp\/v2\/pages\/3268"}],"collection":[{"href":"https:\/\/cirrus-centar.hr\/en\/wp-json\/wp\/v2\/pages"}],"about":[{"href":"https:\/\/cirrus-centar.hr\/en\/wp-json\/wp\/v2\/types\/page"}],"author":[{"embeddable":true,"href":"https:\/\/cirrus-centar.hr\/en\/wp-json\/wp\/v2\/users\/1"}],"replies":[{"embeddable":true,"href":"https:\/\/cirrus-centar.hr\/en\/wp-json\/wp\/v2\/comments?post=3268"}],"version-history":[{"count":0,"href":"https:\/\/cirrus-centar.hr\/en\/wp-json\/wp\/v2\/pages\/3268\/revisions"}],"wp:attachment":[{"href":"https:\/\/cirrus-centar.hr\/en\/wp-json\/wp\/v2\/media?parent=3268"}],"curies":[{"name":"wp","href":"https:\/\/api.w.org\/{rel}","templated":true}]}}