{"id":4012,"date":"2021-03-01T10:23:21","date_gmt":"2021-03-01T09:23:21","guid":{"rendered":"https:\/\/cirrus-centar.hr\/politika-privatnosti\/"},"modified":"2021-10-19T09:48:49","modified_gmt":"2021-10-19T07:48:49","slug":"privacy-policy","status":"publish","type":"page","link":"https:\/\/cirrus-centar.hr\/en\/privacy-policy\/","title":{"rendered":"Privacy policy"},"content":{"rendered":"<div class=\"wpb-content-wrapper\"><p>[vc_row][vc_column][vc_column_text]<a id=\"osobni-podaci\" class=\"anchor-gep\"><\/a><strong>PERSONAL DATA PROTECTION (GDPR)<\/strong><\/p>\n<p>We are obliged to provide personal data protection to our customers by collecting only the essential, basic customer information necessary to meet our obligations.<\/p>\n<p>All customer information is strictly kept and only available to employees who need to process the order and courier services solely for the purpose of delivering the product. All our employees are responsible for respecting the privacy principles.<\/p>\n<p>The entry and transfer of personal data and credit card number data is protected by the highest security standards provided by the WSPay credit card online authorization system in accordance with the requirements of card and card brands and PCI DSS standards. Authorization and credit card payment is done by using the WSPay system for realtime authorization and billing.<\/p>\n<p>Cirrus centar Ltd (Cirrus centar Ltd) is committed to providing personal data protection by collecting only the essential, basic information about the buyers \/ users who are required to fulfill our obligations; informing buyers of how they use the data they collect, regularly gives customers the choice of using their data, including the ability to decide whether or not to remove their name from the lists used for marketing campaigns. All customer information is strictly kept and only accessible to employees who are required to do this. All Cirrus centar Ltd (Cirrus centar Ltd) employees and business partners are responsible for compliance with the privacy principles.<\/p>\n<p><a id=\"cookies\" class=\"anchor-gep\"><\/a><strong>Cookies policy<\/strong><\/p>\n<p><strong>In order for this site to work properly, in order to be able to further improve the site, to improve your browsing experience, this page must save a small amount of information (Cookies) on your computer. Over 90% of all websites use this practice, but according to EU regulations since March 25, 2011. we are obliged to request your consent before saving Cookie. By using the website, you agree to use Cookie. By blocking cookies you can still browse the page, but some of its features will not be available to you.<\/strong><\/p>\n<p><strong>What is a cookie?<\/strong><br \/>\nThe cookie information is saved to your computer by the web site you visit. Cookies usually save your settings, web settings, such as your preferred language or address. Later, when you open the same web page again, the internet browser sends back the cookies that belong to that page. This allows the page to display information tailored to your needs.<\/p>\n<p><strong>Does www.cirrus-centar.hr use cookies?<\/strong><br \/>\nYes, with the primary purpose of providing our web site with better user experience and easier web shopping.<\/p>\n<p><strong>What kind of cookies does www.cirrus-centar.hr use and why?<\/strong><\/p>\n<ul class=\"ml_l mb_m\">\n<li><strong>Temporary cookies (Session cookies)<\/strong>\u00a0\u2013 tThese are temporary cookies that point out (and are automatically deleted) when you close the Internet browser. We use session cookies to allow access to content and allow commenting (things you must do when logging in with your web page information).<\/li>\n<li><strong>Persistent cookies<\/strong>\u00a0\u2013 Usually you have a date expiring far into the future and will stay in your browser until it expires, or until you delete them manually. We use permanent cookies for functionalities such as the \u201cStay signed in\u201d tickbox, which makes it easier for users to access as a registered user. We also use durable cookies to better understand user habits so that we can improve the website according to your habits. This information is anonymous \u2013 we do not see your individual information.<\/li>\n<\/ul>\n<p><strong>Does the website have third-party cookies?<\/strong><\/p>\n<p>Kola\u010di\u0107i tre\u0107e strane dolaze s reklama drugih web-mjesta (kao \u0161to su sko\u010dne ili druge reklame) koje se nalaze na web-mjestu koje gledate. Pomo\u0107u tih kola\u010di\u0107a web-mjesta mogu pratiti kori\u0161tenje Interneta u marketin\u0161ke svrhe.<\/p>\n<p>There are several external services that save cookies to a user. These cookies are not set up by this site, but some serve the normal functioning of certain features that make it easier for users to access content. We currently allow:<\/p>\n<ul class=\"ml_l mb_m\">\n<li><strong>Social networks<\/strong><br \/>\nUsers can sign up and sign up through their own Facebook social network accounts. Also sharing social networking articles puts cookies on a user.<\/li>\n<li><strong>Measurement of attendance<\/strong><br \/>\nwww.cirrus-centar.hr koristi servis za mjerenje posje\u0107enosti, Google analytics.<br \/>\nIf you want to prevent cookies from being provided by these services, you can block them from the following link: <a href=\"https:\/\/tools.google.com\/dlpage\/gaoptout\" target=\"_blank\" rel=\"noopener\">Google Analytics \u2013 https:\/\/tools.google.com\/dlpage\/gaoptout<\/a><\/li>\n<\/ul>\n<p><strong>More information about turning off cookies<\/strong><\/p>\n<p>There are currently several web sites to exclude cookies for various services.<\/p>\n<p>You can read more at the following links:<\/p>\n<p><a href=\"http:\/\/www.allaboutcookies.org\/\" target=\"_blank\" rel=\"noopener\">http:\/\/www.allaboutcookies.org\/<\/a><br \/>\n<a href=\"http:\/\/www.youronlinechoices.eu\/\" target=\"_blank\" rel=\"noopener\">http:\/\/www.youronlinechoices.eu\/<\/a>[\/vc_column_text][\/vc_column][\/vc_row]<\/p>\n<\/div>","protected":false},"excerpt":{"rendered":"<p>[vc_row][vc_column][vc_column_text]PERSONAL DATA PROTECTION (GDPR) We are obliged to provide personal data protection to our customers by collecting only the essential, basic customer information necessary to meet our obligations. All customer information is strictly kept and only available to employees who need to process the order and courier services solely for the purpose of delivering the [&hellip;]<\/p>\n","protected":false},"author":1,"featured_media":0,"parent":0,"menu_order":0,"comment_status":"closed","ping_status":"closed","template":"","meta":{"footnotes":""},"_links":{"self":[{"href":"https:\/\/cirrus-centar.hr\/en\/wp-json\/wp\/v2\/pages\/4012"}],"collection":[{"href":"https:\/\/cirrus-centar.hr\/en\/wp-json\/wp\/v2\/pages"}],"about":[{"href":"https:\/\/cirrus-centar.hr\/en\/wp-json\/wp\/v2\/types\/page"}],"author":[{"embeddable":true,"href":"https:\/\/cirrus-centar.hr\/en\/wp-json\/wp\/v2\/users\/1"}],"replies":[{"embeddable":true,"href":"https:\/\/cirrus-centar.hr\/en\/wp-json\/wp\/v2\/comments?post=4012"}],"version-history":[{"count":0,"href":"https:\/\/cirrus-centar.hr\/en\/wp-json\/wp\/v2\/pages\/4012\/revisions"}],"wp:attachment":[{"href":"https:\/\/cirrus-centar.hr\/en\/wp-json\/wp\/v2\/media?parent=4012"}],"curies":[{"name":"wp","href":"https:\/\/api.w.org\/{rel}","templated":true}]}}